{"id":6241,"date":"2024-05-31T08:08:55","date_gmt":"2024-05-31T08:08:55","guid":{"rendered":"https:\/\/www.secretaffairsescort.com\/?page_id=6241"},"modified":"2025-01-26T17:45:46","modified_gmt":"2025-01-26T17:45:46","slug":"escort-dusseldorf-germany","status":"publish","type":"page","link":"https:\/\/www.secretaffairsescort.com\/en\/cities\/escort-dusseldorf-germany\/","title":{"rendered":"Escort D\u00fcsseldorf, Germany"},"content":{"rendered":"","protected":false},"excerpt":{"rendered":"","protected":false},"author":13,"featured_media":659,"parent":729,"menu_order":0,"comment_status":"closed","ping_status":"closed","template":"page-landing.php","meta":{"footnotes":""},"class_list":["post-6241","page","type-page","status-publish","has-post-thumbnail","hentry"],"yoast_head":"<!-- This site is optimized with the Yoast SEO plugin v27.5 - https:\/\/yoast.com\/product\/yoast-seo-wordpress\/ -->\n<title>Escort D\u00fcsseldorf, Germany - High Class Escort Service &amp; Agency<\/title>\n<meta name=\"description\" content=\"Escort D\u00fcsseldorf, Germany | Highest discretion - book now high class ladies in D\u00fcsseldorf. Escort Service Agency at the highest level.\" \/>\n<meta name=\"robots\" content=\"index, follow, max-snippet:-1, max-image-preview:large, max-video-preview:-1\" \/>\n<link rel=\"canonical\" href=\"https:\/\/www.secretaffairsescort.com\/en\/cities\/escort-dusseldorf-germany\/\" \/>\n<meta property=\"og:locale\" content=\"en_US\" \/>\n<meta property=\"og:type\" content=\"article\" \/>\n<meta property=\"og:title\" content=\"Escort D\u00fcsseldorf, Germany - High Class Escort Service &amp; Agency\" \/>\n<meta property=\"og:description\" content=\"Escort D\u00fcsseldorf, Germany | Highest discretion - book now high class ladies in D\u00fcsseldorf. Escort Service Agency at the highest level.\" \/>\n<meta property=\"og:url\" content=\"https:\/\/www.secretaffairsescort.com\/en\/cities\/escort-dusseldorf-germany\/\" \/>\n<meta property=\"og:site_name\" content=\"Secret Affairs Escort Service\" \/>\n<meta property=\"article:modified_time\" content=\"2025-01-26T17:45:46+00:00\" \/>\n<meta property=\"og:image\" content=\"https:\/\/www.secretaffairsescort.com\/wp-content\/uploads\/2018\/11\/escort-frankfurt-1024x683.jpg\" \/>\n\t<meta property=\"og:image:width\" content=\"1024\" \/>\n\t<meta property=\"og:image:height\" content=\"683\" \/>\n\t<meta property=\"og:image:type\" content=\"image\/jpeg\" \/>\n<meta name=\"twitter:card\" content=\"summary_large_image\" \/>\n<meta name=\"twitter:label1\" content=\"Est. reading time\" \/>\n\t<meta name=\"twitter:data1\" content=\"1 minute\" \/>\n<script type=\"application\/ld+json\" class=\"yoast-schema-graph\">{\"@context\":\"https:\\\/\\\/schema.org\",\"@graph\":[{\"@type\":\"WebPage\",\"@id\":\"https:\\\/\\\/www.secretaffairsescort.com\\\/en\\\/cities\\\/escort-dusseldorf-germany\\\/\",\"url\":\"https:\\\/\\\/www.secretaffairsescort.com\\\/en\\\/cities\\\/escort-dusseldorf-germany\\\/\",\"name\":\"Escort D\u00fcsseldorf, Germany - High Class Escort Service & Agency\",\"isPartOf\":{\"@id\":\"https:\\\/\\\/www.secretaffairsescort.com\\\/en\\\/#website\"},\"primaryImageOfPage\":{\"@id\":\"https:\\\/\\\/www.secretaffairsescort.com\\\/en\\\/cities\\\/escort-dusseldorf-germany\\\/#primaryimage\"},\"image\":{\"@id\":\"https:\\\/\\\/www.secretaffairsescort.com\\\/en\\\/cities\\\/escort-dusseldorf-germany\\\/#primaryimage\"},\"thumbnailUrl\":\"https:\\\/\\\/www.secretaffairsescort.com\\\/wp-content\\\/uploads\\\/2018\\\/11\\\/escort-frankfurt.jpg\",\"datePublished\":\"2024-05-31T08:08:55+00:00\",\"dateModified\":\"2025-01-26T17:45:46+00:00\",\"description\":\"Escort D\u00fcsseldorf, Germany | Highest discretion - book now high class ladies in D\u00fcsseldorf. Escort Service Agency at the highest level.\",\"breadcrumb\":{\"@id\":\"https:\\\/\\\/www.secretaffairsescort.com\\\/en\\\/cities\\\/escort-dusseldorf-germany\\\/#breadcrumb\"},\"inLanguage\":\"en-US\",\"potentialAction\":[{\"@type\":\"ReadAction\",\"target\":[\"https:\\\/\\\/www.secretaffairsescort.com\\\/en\\\/cities\\\/escort-dusseldorf-germany\\\/\"]}]},{\"@type\":\"ImageObject\",\"inLanguage\":\"en-US\",\"@id\":\"https:\\\/\\\/www.secretaffairsescort.com\\\/en\\\/cities\\\/escort-dusseldorf-germany\\\/#primaryimage\",\"url\":\"https:\\\/\\\/www.secretaffairsescort.com\\\/wp-content\\\/uploads\\\/2018\\\/11\\\/escort-frankfurt.jpg\",\"contentUrl\":\"https:\\\/\\\/www.secretaffairsescort.com\\\/wp-content\\\/uploads\\\/2018\\\/11\\\/escort-frankfurt.jpg\",\"width\":4000,\"height\":2667,\"caption\":\"Escort Service in Frankfurt buchen\"},{\"@type\":\"BreadcrumbList\",\"@id\":\"https:\\\/\\\/www.secretaffairsescort.com\\\/en\\\/cities\\\/escort-dusseldorf-germany\\\/#breadcrumb\",\"itemListElement\":[{\"@type\":\"ListItem\",\"position\":1,\"name\":\"Startseite\",\"item\":\"https:\\\/\\\/www.secretaffairsescort.com\\\/en\\\/\"},{\"@type\":\"ListItem\",\"position\":2,\"name\":\"Extraordinary Escort Service\",\"item\":\"https:\\\/\\\/www.secretaffairsescort.com\\\/en\\\/cities\\\/\"},{\"@type\":\"ListItem\",\"position\":3,\"name\":\"Escort D\u00fcsseldorf, Germany\"}]},{\"@type\":\"WebSite\",\"@id\":\"https:\\\/\\\/www.secretaffairsescort.com\\\/en\\\/#website\",\"url\":\"https:\\\/\\\/www.secretaffairsescort.com\\\/en\\\/\",\"name\":\"Secret Affairs Escort Service\",\"description\":\"Escort Service\",\"publisher\":{\"@id\":\"https:\\\/\\\/www.secretaffairsescort.com\\\/en\\\/#organization\"},\"potentialAction\":[{\"@type\":\"SearchAction\",\"target\":{\"@type\":\"EntryPoint\",\"urlTemplate\":\"https:\\\/\\\/www.secretaffairsescort.com\\\/en\\\/?s={search_term_string}\"},\"query-input\":{\"@type\":\"PropertyValueSpecification\",\"valueRequired\":true,\"valueName\":\"search_term_string\"}}],\"inLanguage\":\"en-US\"},{\"@type\":\"Organization\",\"@id\":\"https:\\\/\\\/www.secretaffairsescort.com\\\/en\\\/#organization\",\"name\":\"Secret Affairs Escort\",\"url\":\"https:\\\/\\\/www.secretaffairsescort.com\\\/en\\\/\",\"logo\":{\"@type\":\"ImageObject\",\"inLanguage\":\"en-US\",\"@id\":\"https:\\\/\\\/www.secretaffairsescort.com\\\/en\\\/#\\\/schema\\\/logo\\\/image\\\/\",\"url\":\"https:\\\/\\\/www.secretaffairsescort.com\\\/wp-content\\\/uploads\\\/2020\\\/07\\\/logo-sa.png\",\"contentUrl\":\"https:\\\/\\\/www.secretaffairsescort.com\\\/wp-content\\\/uploads\\\/2020\\\/07\\\/logo-sa.png\",\"width\":544,\"height\":212,\"caption\":\"Secret Affairs Escort\"},\"image\":{\"@id\":\"https:\\\/\\\/www.secretaffairsescort.com\\\/en\\\/#\\\/schema\\\/logo\\\/image\\\/\"}}]}<\/script>\n<!-- \/ Yoast SEO plugin. -->","yoast_head_json":{"title":"Escort D\u00fcsseldorf, Germany - High Class Escort Service & Agency","description":"Escort D\u00fcsseldorf, Germany | Highest discretion - book now high class ladies in D\u00fcsseldorf. Escort Service Agency at the highest level.","robots":{"index":"index","follow":"follow","max-snippet":"max-snippet:-1","max-image-preview":"max-image-preview:large","max-video-preview":"max-video-preview:-1"},"canonical":"https:\/\/www.secretaffairsescort.com\/en\/cities\/escort-dusseldorf-germany\/","og_locale":"en_US","og_type":"article","og_title":"Escort D\u00fcsseldorf, Germany - High Class Escort Service & Agency","og_description":"Escort D\u00fcsseldorf, Germany | Highest discretion - book now high class ladies in D\u00fcsseldorf. Escort Service Agency at the highest level.","og_url":"https:\/\/www.secretaffairsescort.com\/en\/cities\/escort-dusseldorf-germany\/","og_site_name":"Secret Affairs Escort Service","article_modified_time":"2025-01-26T17:45:46+00:00","og_image":[{"width":1024,"height":683,"url":"https:\/\/www.secretaffairsescort.com\/wp-content\/uploads\/2018\/11\/escort-frankfurt-1024x683.jpg","type":"image\/jpeg"}],"twitter_card":"summary_large_image","twitter_misc":{"Est. reading time":"1 minute"},"schema":{"@context":"https:\/\/schema.org","@graph":[{"@type":"WebPage","@id":"https:\/\/www.secretaffairsescort.com\/en\/cities\/escort-dusseldorf-germany\/","url":"https:\/\/www.secretaffairsescort.com\/en\/cities\/escort-dusseldorf-germany\/","name":"Escort D\u00fcsseldorf, Germany - High Class Escort Service & Agency","isPartOf":{"@id":"https:\/\/www.secretaffairsescort.com\/en\/#website"},"primaryImageOfPage":{"@id":"https:\/\/www.secretaffairsescort.com\/en\/cities\/escort-dusseldorf-germany\/#primaryimage"},"image":{"@id":"https:\/\/www.secretaffairsescort.com\/en\/cities\/escort-dusseldorf-germany\/#primaryimage"},"thumbnailUrl":"https:\/\/www.secretaffairsescort.com\/wp-content\/uploads\/2018\/11\/escort-frankfurt.jpg","datePublished":"2024-05-31T08:08:55+00:00","dateModified":"2025-01-26T17:45:46+00:00","description":"Escort D\u00fcsseldorf, Germany | Highest discretion - book now high class ladies in D\u00fcsseldorf. Escort Service Agency at the highest level.","breadcrumb":{"@id":"https:\/\/www.secretaffairsescort.com\/en\/cities\/escort-dusseldorf-germany\/#breadcrumb"},"inLanguage":"en-US","potentialAction":[{"@type":"ReadAction","target":["https:\/\/www.secretaffairsescort.com\/en\/cities\/escort-dusseldorf-germany\/"]}]},{"@type":"ImageObject","inLanguage":"en-US","@id":"https:\/\/www.secretaffairsescort.com\/en\/cities\/escort-dusseldorf-germany\/#primaryimage","url":"https:\/\/www.secretaffairsescort.com\/wp-content\/uploads\/2018\/11\/escort-frankfurt.jpg","contentUrl":"https:\/\/www.secretaffairsescort.com\/wp-content\/uploads\/2018\/11\/escort-frankfurt.jpg","width":4000,"height":2667,"caption":"Escort Service in Frankfurt buchen"},{"@type":"BreadcrumbList","@id":"https:\/\/www.secretaffairsescort.com\/en\/cities\/escort-dusseldorf-germany\/#breadcrumb","itemListElement":[{"@type":"ListItem","position":1,"name":"Startseite","item":"https:\/\/www.secretaffairsescort.com\/en\/"},{"@type":"ListItem","position":2,"name":"Extraordinary Escort Service","item":"https:\/\/www.secretaffairsescort.com\/en\/cities\/"},{"@type":"ListItem","position":3,"name":"Escort D\u00fcsseldorf, Germany"}]},{"@type":"WebSite","@id":"https:\/\/www.secretaffairsescort.com\/en\/#website","url":"https:\/\/www.secretaffairsescort.com\/en\/","name":"Secret Affairs Escort Service","description":"Escort Service","publisher":{"@id":"https:\/\/www.secretaffairsescort.com\/en\/#organization"},"potentialAction":[{"@type":"SearchAction","target":{"@type":"EntryPoint","urlTemplate":"https:\/\/www.secretaffairsescort.com\/en\/?s={search_term_string}"},"query-input":{"@type":"PropertyValueSpecification","valueRequired":true,"valueName":"search_term_string"}}],"inLanguage":"en-US"},{"@type":"Organization","@id":"https:\/\/www.secretaffairsescort.com\/en\/#organization","name":"Secret Affairs Escort","url":"https:\/\/www.secretaffairsescort.com\/en\/","logo":{"@type":"ImageObject","inLanguage":"en-US","@id":"https:\/\/www.secretaffairsescort.com\/en\/#\/schema\/logo\/image\/","url":"https:\/\/www.secretaffairsescort.com\/wp-content\/uploads\/2020\/07\/logo-sa.png","contentUrl":"https:\/\/www.secretaffairsescort.com\/wp-content\/uploads\/2020\/07\/logo-sa.png","width":544,"height":212,"caption":"Secret Affairs Escort"},"image":{"@id":"https:\/\/www.secretaffairsescort.com\/en\/#\/schema\/logo\/image\/"}}]}},"_links":{"self":[{"href":"https:\/\/www.secretaffairsescort.com\/en\/wp-json\/wp\/v2\/pages\/6241","targetHints":{"allow":["GET"]}}],"collection":[{"href":"https:\/\/www.secretaffairsescort.com\/en\/wp-json\/wp\/v2\/pages"}],"about":[{"href":"https:\/\/www.secretaffairsescort.com\/en\/wp-json\/wp\/v2\/types\/page"}],"author":[{"embeddable":true,"href":"https:\/\/www.secretaffairsescort.com\/en\/wp-json\/wp\/v2\/users\/13"}],"replies":[{"embeddable":true,"href":"https:\/\/www.secretaffairsescort.com\/en\/wp-json\/wp\/v2\/comments?post=6241"}],"version-history":[{"count":2,"href":"https:\/\/www.secretaffairsescort.com\/en\/wp-json\/wp\/v2\/pages\/6241\/revisions"}],"predecessor-version":[{"id":6249,"href":"https:\/\/www.secretaffairsescort.com\/en\/wp-json\/wp\/v2\/pages\/6241\/revisions\/6249"}],"up":[{"embeddable":true,"href":"https:\/\/www.secretaffairsescort.com\/en\/wp-json\/wp\/v2\/pages\/729"}],"wp:featuredmedia":[{"embeddable":true,"href":"https:\/\/www.secretaffairsescort.com\/en\/wp-json\/wp\/v2\/media\/659"}],"wp:attachment":[{"href":"https:\/\/www.secretaffairsescort.com\/en\/wp-json\/wp\/v2\/media?parent=6241"}],"curies":[{"name":"wp","href":"https:\/\/api.w.org\/{rel}","templated":true}]}}