{"id":764,"date":"2018-11-05T21:33:33","date_gmt":"2018-11-05T21:33:33","guid":{"rendered":"https:\/\/www.secretaffairsescort.com\/honorare"},"modified":"2025-08-31T03:37:57","modified_gmt":"2025-08-31T03:37:57","slug":"fees","status":"publish","type":"page","link":"https:\/\/www.secretaffairsescort.com\/en\/fees\/","title":{"rendered":"Fees"},"content":{"rendered":"<table class=\"table\">\n<tbody>\n<tr>\n<th>Dinner Date<\/th>\n<td>250,00 \u20ac<\/td>\n<\/tr>\n<tr>\n<th>je weitere Stunde<\/th>\n<td>100,00 \u20ac<\/td>\n<\/tr>\n<tr>\n<th>2 Stunden<\/th>\n<td>500,00 \u20ac<\/td>\n<\/tr>\n<tr>\n<th>3 Stunden<\/th>\n<td>700,00 \u20ac<\/td>\n<\/tr>\n<tr>\n<th>4 Stunden<\/th>\n<td>900,00 \u20ac<\/td>\n<\/tr>\n<tr>\n<th>5 Stunden<\/th>\n<td>1050,00 \u20ac<\/td>\n<\/tr>\n<tr>\n<th>6 Stunden<\/th>\n<td>1150,00 \u20ac<\/td>\n<\/tr>\n<tr>\n<th>7 Stunden<\/th>\n<td>1250,00 \u20ac<\/td>\n<\/tr>\n<tr>\n<th>8 Stunden<\/th>\n<td>1350,00 \u20ac<\/td>\n<\/tr>\n<tr>\n<th>12 Stunden<\/th>\n<td>1600,00 \u20ac<\/td>\n<\/tr>\n<tr>\n<th>15 Stunden<\/th>\n<td>1750,00 \u20ac<\/td>\n<\/tr>\n<tr>\n<th>18 Stunden<\/th>\n<td>1900,00 \u20ac<\/td>\n<\/tr>\n<tr>\n<th>20 Stunden<\/th>\n<td>2000,00 \u20ac<\/td>\n<\/tr>\n<tr>\n<th>48 Stunden<\/th>\n<td>3500,00 \u20ac<\/td>\n<\/tr>\n<tr>\n<th>1 Woche<\/th>\n<td>6500,00 \u20ac<\/td>\n<\/tr>\n<\/tbody>\n<\/table>\n<h3>ANFAHRTSKOSTEN<\/h3>\n<p>Homebase des Girls und bis zu 20 Kilometer Anfahrt, keine Berechnung.<\/p>\n<table class=\"table\">\n<tbody>\n<tr>\n<th>Anreise ab 20 \u2013 50 Kilometer<\/th>\n<td>50,00 \u20ac<\/td>\n<\/tr>\n<tr>\n<th>Anreise bis zu 75 Kilometer<\/th>\n<td>75,00 \u20ac<\/td>\n<\/tr>\n<tr>\n<th>Anreise bis zu 100 Kilometer<\/th>\n<td>100,00 \u20ac<\/td>\n<\/tr>\n<\/tbody>\n<\/table>\n<p>Bei Entfernungen \u00fcber 100 Kilometer erstellen wir Ihnen gerne ein unverbindliches Angebot. Zus\u00e4tzlich fallen Kosten f\u00fcr ein\u00a0 Bahn \u2013 oder Flugticket f\u00fcr den Kunden an.<\/p>\n<h3>BEZAHLUNG<\/h3>\n<ul>\n<li>Barzahlung<\/li>\n<li>Bank\u00fcberweisung<\/li>\n<li>Western Uninon<\/li>\n<li>PayPal<\/li>\n<\/ul>\n","protected":false},"excerpt":{"rendered":"<p>Dinner Date 250,00 \u20ac je weitere Stunde 100,00 \u20ac 2 Stunden 500,00 \u20ac 3 Stunden 700,00 \u20ac 4 Stunden 900,00 \u20ac 5 Stunden 1050,00 \u20ac 6 Stunden 1150,00 \u20ac 7 Stunden 1250,00 \u20ac 8 Stunden 1350,00 \u20ac 12 Stunden 1600,00 \u20ac 15 Stunden 1750,00 \u20ac 18 Stunden 1900,00 \u20ac 20 Stunden 2000,00 \u20ac 48 Stunden [&hellip;]<\/p>\n","protected":false},"author":2,"featured_media":0,"parent":0,"menu_order":0,"comment_status":"closed","ping_status":"closed","template":"page-landing.php","meta":{"footnotes":""},"class_list":["post-764","page","type-page","status-publish","hentry"],"yoast_head":"<!-- This site is optimized with the Yoast SEO plugin v27.5 - https:\/\/yoast.com\/product\/yoast-seo-wordpress\/ -->\n<title>Fees &amp; Travel Expenses - Secret Affairs Escort Service Agency<\/title>\n<meta name=\"description\" content=\"Fees of our Escort Ladies as well as travel costs and payment options. So that nothing stands in the way of your high-class arrangement.\" \/>\n<meta name=\"robots\" content=\"index, follow, max-snippet:-1, max-image-preview:large, max-video-preview:-1\" \/>\n<link rel=\"canonical\" href=\"https:\/\/www.secretaffairsescort.com\/en\/fees\/\" \/>\n<meta property=\"og:locale\" content=\"en_US\" \/>\n<meta property=\"og:type\" content=\"article\" \/>\n<meta property=\"og:title\" content=\"Fees &amp; Travel Expenses - Secret Affairs Escort Service Agency\" \/>\n<meta property=\"og:description\" content=\"Fees of our Escort Ladies as well as travel costs and payment options. So that nothing stands in the way of your high-class arrangement.\" \/>\n<meta property=\"og:url\" content=\"https:\/\/www.secretaffairsescort.com\/en\/fees\/\" \/>\n<meta property=\"og:site_name\" content=\"Secret Affairs Escort Service\" \/>\n<meta property=\"article:modified_time\" content=\"2025-08-31T03:37:57+00:00\" \/>\n<meta name=\"twitter:card\" content=\"summary_large_image\" \/>\n<meta name=\"twitter:label1\" content=\"Est. reading time\" \/>\n\t<meta name=\"twitter:data1\" content=\"1 minute\" \/>\n<script type=\"application\/ld+json\" class=\"yoast-schema-graph\">{\"@context\":\"https:\\\/\\\/schema.org\",\"@graph\":[{\"@type\":\"WebPage\",\"@id\":\"https:\\\/\\\/www.secretaffairsescort.com\\\/en\\\/fees\\\/\",\"url\":\"https:\\\/\\\/www.secretaffairsescort.com\\\/en\\\/fees\\\/\",\"name\":\"Fees & Travel Expenses - Secret Affairs Escort Service Agency\",\"isPartOf\":{\"@id\":\"https:\\\/\\\/www.secretaffairsescort.com\\\/en\\\/#website\"},\"datePublished\":\"2018-11-05T21:33:33+00:00\",\"dateModified\":\"2025-08-31T03:37:57+00:00\",\"description\":\"Fees of our Escort Ladies as well as travel costs and payment options. So that nothing stands in the way of your high-class arrangement.\",\"breadcrumb\":{\"@id\":\"https:\\\/\\\/www.secretaffairsescort.com\\\/en\\\/fees\\\/#breadcrumb\"},\"inLanguage\":\"en-US\",\"potentialAction\":[{\"@type\":\"ReadAction\",\"target\":[\"https:\\\/\\\/www.secretaffairsescort.com\\\/en\\\/fees\\\/\"]}]},{\"@type\":\"BreadcrumbList\",\"@id\":\"https:\\\/\\\/www.secretaffairsescort.com\\\/en\\\/fees\\\/#breadcrumb\",\"itemListElement\":[{\"@type\":\"ListItem\",\"position\":1,\"name\":\"Startseite\",\"item\":\"https:\\\/\\\/www.secretaffairsescort.com\\\/en\\\/\"},{\"@type\":\"ListItem\",\"position\":2,\"name\":\"Fees\"}]},{\"@type\":\"WebSite\",\"@id\":\"https:\\\/\\\/www.secretaffairsescort.com\\\/en\\\/#website\",\"url\":\"https:\\\/\\\/www.secretaffairsescort.com\\\/en\\\/\",\"name\":\"Secret Affairs Escort Service\",\"description\":\"Escort Service\",\"publisher\":{\"@id\":\"https:\\\/\\\/www.secretaffairsescort.com\\\/en\\\/#organization\"},\"potentialAction\":[{\"@type\":\"SearchAction\",\"target\":{\"@type\":\"EntryPoint\",\"urlTemplate\":\"https:\\\/\\\/www.secretaffairsescort.com\\\/en\\\/?s={search_term_string}\"},\"query-input\":{\"@type\":\"PropertyValueSpecification\",\"valueRequired\":true,\"valueName\":\"search_term_string\"}}],\"inLanguage\":\"en-US\"},{\"@type\":\"Organization\",\"@id\":\"https:\\\/\\\/www.secretaffairsescort.com\\\/en\\\/#organization\",\"name\":\"Secret Affairs Escort\",\"url\":\"https:\\\/\\\/www.secretaffairsescort.com\\\/en\\\/\",\"logo\":{\"@type\":\"ImageObject\",\"inLanguage\":\"en-US\",\"@id\":\"https:\\\/\\\/www.secretaffairsescort.com\\\/en\\\/#\\\/schema\\\/logo\\\/image\\\/\",\"url\":\"https:\\\/\\\/www.secretaffairsescort.com\\\/wp-content\\\/uploads\\\/2020\\\/07\\\/logo-sa.png\",\"contentUrl\":\"https:\\\/\\\/www.secretaffairsescort.com\\\/wp-content\\\/uploads\\\/2020\\\/07\\\/logo-sa.png\",\"width\":544,\"height\":212,\"caption\":\"Secret Affairs Escort\"},\"image\":{\"@id\":\"https:\\\/\\\/www.secretaffairsescort.com\\\/en\\\/#\\\/schema\\\/logo\\\/image\\\/\"}}]}<\/script>\n<!-- \/ Yoast SEO plugin. -->","yoast_head_json":{"title":"Fees & Travel Expenses - Secret Affairs Escort Service Agency","description":"Fees of our Escort Ladies as well as travel costs and payment options. So that nothing stands in the way of your high-class arrangement.","robots":{"index":"index","follow":"follow","max-snippet":"max-snippet:-1","max-image-preview":"max-image-preview:large","max-video-preview":"max-video-preview:-1"},"canonical":"https:\/\/www.secretaffairsescort.com\/en\/fees\/","og_locale":"en_US","og_type":"article","og_title":"Fees & Travel Expenses - Secret Affairs Escort Service Agency","og_description":"Fees of our Escort Ladies as well as travel costs and payment options. So that nothing stands in the way of your high-class arrangement.","og_url":"https:\/\/www.secretaffairsescort.com\/en\/fees\/","og_site_name":"Secret Affairs Escort Service","article_modified_time":"2025-08-31T03:37:57+00:00","twitter_card":"summary_large_image","twitter_misc":{"Est. reading time":"1 minute"},"schema":{"@context":"https:\/\/schema.org","@graph":[{"@type":"WebPage","@id":"https:\/\/www.secretaffairsescort.com\/en\/fees\/","url":"https:\/\/www.secretaffairsescort.com\/en\/fees\/","name":"Fees & Travel Expenses - Secret Affairs Escort Service Agency","isPartOf":{"@id":"https:\/\/www.secretaffairsescort.com\/en\/#website"},"datePublished":"2018-11-05T21:33:33+00:00","dateModified":"2025-08-31T03:37:57+00:00","description":"Fees of our Escort Ladies as well as travel costs and payment options. So that nothing stands in the way of your high-class arrangement.","breadcrumb":{"@id":"https:\/\/www.secretaffairsescort.com\/en\/fees\/#breadcrumb"},"inLanguage":"en-US","potentialAction":[{"@type":"ReadAction","target":["https:\/\/www.secretaffairsescort.com\/en\/fees\/"]}]},{"@type":"BreadcrumbList","@id":"https:\/\/www.secretaffairsescort.com\/en\/fees\/#breadcrumb","itemListElement":[{"@type":"ListItem","position":1,"name":"Startseite","item":"https:\/\/www.secretaffairsescort.com\/en\/"},{"@type":"ListItem","position":2,"name":"Fees"}]},{"@type":"WebSite","@id":"https:\/\/www.secretaffairsescort.com\/en\/#website","url":"https:\/\/www.secretaffairsescort.com\/en\/","name":"Secret Affairs Escort Service","description":"Escort Service","publisher":{"@id":"https:\/\/www.secretaffairsescort.com\/en\/#organization"},"potentialAction":[{"@type":"SearchAction","target":{"@type":"EntryPoint","urlTemplate":"https:\/\/www.secretaffairsescort.com\/en\/?s={search_term_string}"},"query-input":{"@type":"PropertyValueSpecification","valueRequired":true,"valueName":"search_term_string"}}],"inLanguage":"en-US"},{"@type":"Organization","@id":"https:\/\/www.secretaffairsescort.com\/en\/#organization","name":"Secret Affairs Escort","url":"https:\/\/www.secretaffairsescort.com\/en\/","logo":{"@type":"ImageObject","inLanguage":"en-US","@id":"https:\/\/www.secretaffairsescort.com\/en\/#\/schema\/logo\/image\/","url":"https:\/\/www.secretaffairsescort.com\/wp-content\/uploads\/2020\/07\/logo-sa.png","contentUrl":"https:\/\/www.secretaffairsescort.com\/wp-content\/uploads\/2020\/07\/logo-sa.png","width":544,"height":212,"caption":"Secret Affairs Escort"},"image":{"@id":"https:\/\/www.secretaffairsescort.com\/en\/#\/schema\/logo\/image\/"}}]}},"_links":{"self":[{"href":"https:\/\/www.secretaffairsescort.com\/en\/wp-json\/wp\/v2\/pages\/764","targetHints":{"allow":["GET"]}}],"collection":[{"href":"https:\/\/www.secretaffairsescort.com\/en\/wp-json\/wp\/v2\/pages"}],"about":[{"href":"https:\/\/www.secretaffairsescort.com\/en\/wp-json\/wp\/v2\/types\/page"}],"author":[{"embeddable":true,"href":"https:\/\/www.secretaffairsescort.com\/en\/wp-json\/wp\/v2\/users\/2"}],"replies":[{"embeddable":true,"href":"https:\/\/www.secretaffairsescort.com\/en\/wp-json\/wp\/v2\/comments?post=764"}],"version-history":[{"count":22,"href":"https:\/\/www.secretaffairsescort.com\/en\/wp-json\/wp\/v2\/pages\/764\/revisions"}],"predecessor-version":[{"id":6657,"href":"https:\/\/www.secretaffairsescort.com\/en\/wp-json\/wp\/v2\/pages\/764\/revisions\/6657"}],"wp:attachment":[{"href":"https:\/\/www.secretaffairsescort.com\/en\/wp-json\/wp\/v2\/media?parent=764"}],"curies":[{"name":"wp","href":"https:\/\/api.w.org\/{rel}","templated":true}]}}